{"id":80,"date":"2018-10-17T15:33:27","date_gmt":"2018-10-17T15:33:27","guid":{"rendered":"https:\/\/gla-cpa.com\/accueil\/"},"modified":"2023-06-08T12:24:30","modified_gmt":"2023-06-08T12:24:30","slug":"accueil","status":"publish","type":"page","link":"https:\/\/gla-cpa.com\/en\/","title":{"rendered":"Home"},"content":{"rendered":"<div class=\"wpb-content-wrapper\"><p>[vc_row css_animation=&#8221;&#8221; row_type=&#8221;row&#8221; use_row_as_full_screen_section=&#8221;no&#8221; type=&#8221;full_width&#8221; angled_section=&#8221;no&#8221; text_align=&#8221;center&#8221; background_image_as_pattern=&#8221;without_pattern&#8221; z_index=&#8221;&#8221; el_class=&#8221;satisfaction-row&#8221;][vc_column][vc_column_text]<\/p>\n<p class=\"satisfaction-title\">THE SATISFACTION OF OUR CLIENTS, <strong>OUR PRIORITY.<\/strong><\/p>\n<p>[\/vc_column_text][vc_empty_space height=&#8221;60px&#8221;][vc_column_text el_class=&#8221;services-conseils-text&#8221;]<\/p>\n<div class=\"satisfaction_contenu\" style=\"text-align: center;\">\n<p>GLA CPA Inc. is a chartered professional accountant firm that focuses on the execution of financial statements for fiscal purposes as well as Compilation Engagements. The company is led by Ms. Chantal Th\u00e9or\u00eat, CPA, who oversees the reviewing of compilation engagements. Her and her team are able to meet the needs of more than 300 business clients.<\/p>\n<p>&nbsp;<\/p>\n<p>This professional company sets itself apart by its personalised service and its ability to efficiently meet their customers\u2019 tax and accounting needs.<\/p>\n<\/div>\n<p>[\/vc_column_text][\/vc_column][\/vc_row][vc_row css_animation=&#8221;&#8221; row_type=&#8221;row&#8221; use_row_as_full_screen_section=&#8221;no&#8221; type=&#8221;grid&#8221; angled_section=&#8221;no&#8221; text_align=&#8221;center&#8221; background_image_as_pattern=&#8221;without_pattern&#8221; z_index=&#8221;&#8221; css=&#8221;.vc_custom_1583437355607{padding-top: 80px !important;background-color: #f2f2f2 !important;}&#8221;][vc_column][vc_single_image image=&#8221;196&#8243; img_size=&#8221;400&#215;534&#8243; alignment=&#8221;center&#8221; qode_css_animation=&#8221;&#8221;][vc_empty_space][vc_column_text]<\/p>\n<div class=\"steve_centre\" style=\"width: auto; text-align: center !important;\">\n<div class=\"steve_title\" style=\"color: #30353f;\">Chantal Th\u00e9or\u00eat, CPA<\/div>\n<p><span style=\"color: #30353f;\">Partner<\/span><\/p>\n<div class=\"space_steve\"><\/div>\n<p><strong><a style=\"color: #30353f !important;\" href=\"tel:8195254757\">819-525-4757<\/a><\/strong><br \/>\n<strong><a style=\"color: #30353f !important;\" href=\"mailto:ctheoret@gla-cpa.com\">ctheoret@gla-cpa.com<\/a><\/strong><\/p>\n<\/div>\n<p>[\/vc_column_text][vc_empty_space height=&#8221;80px&#8221;][\/vc_column][\/vc_row][vc_row css_animation=&#8221;&#8221; row_type=&#8221;row&#8221; use_row_as_full_screen_section=&#8221;no&#8221; type=&#8221;grid&#8221; angled_section=&#8221;no&#8221; text_align=&#8221;center&#8221; background_image_as_pattern=&#8221;without_pattern&#8221; el_class=&#8221;certification-row&#8221; z_index=&#8221;&#8221;][vc_column][vc_column_text]<\/p>\n<h2 class=\"services-conseils-title\">Financial statements<br \/>\nCompilation engagements<\/h2>\n<p>[\/vc_column_text][vc_separator type=&#8221;small&#8221; position=&#8221;center&#8221; color=&#8221;#a9a1a3&#8243; thickness=&#8221;5&#8243; width=&#8221;75&#8243; up=&#8221;35&#8243; down=&#8221;100&#8243;][vc_column_text el_class=&#8221;services-conseils-text&#8221;]Most of our commercial customers employ us to prepare Compilation Engagements. The CPA prepares the financial statements in accordance with Canadian accounting standards based on information provided by the client. This type of financial statement is usually used for internal purposes, as the CPA does not provide an opinion on these statements. The team of GLA CPA Inc. has a vast experience in this domain.[\/vc_column_text][\/vc_column][\/vc_row][vc_row css_animation=&#8221;&#8221; row_type=&#8221;row&#8221; use_row_as_full_screen_section=&#8221;no&#8221; type=&#8221;grid&#8221; angled_section=&#8221;no&#8221; text_align=&#8221;center&#8221; background_image_as_pattern=&#8221;without_pattern&#8221; el_class=&#8221;red-financier-insolv-row&#8221; z_index=&#8221;&#8221;][vc_column][vc_column_text]<\/p>\n<h2 class=\"services-conseils-title white-text\"><span class=\"services-conseils-subtitle\">Certified financial statements<\/span><br \/>\nOther services<\/h2>\n<p>[\/vc_column_text][vc_separator type=&#8221;small&#8221; position=&#8221;center&#8221; color=&#8221;#a9a1a3&#8243; thickness=&#8221;5&#8243; width=&#8221;75&#8243; up=&#8221;35&#8243; down=&#8221;100&#8243;][vc_column_text el_class=&#8221;services-conseils-text white-text&#8221;]Our firm can not only help you with your financial statements, we can also help with multiple aspects of your business through other professional services such as budgeting, tax planning, and various consulting services. Please feel free to reach out to our professionals to see what our firm can do for you.[\/vc_column_text][\/vc_column][\/vc_row][vc_row css_animation=&#8221;&#8221; row_type=&#8221;row&#8221; use_row_as_full_screen_section=&#8221;no&#8221; type=&#8221;full_width&#8221; angled_section=&#8221;no&#8221; text_align=&#8221;left&#8221; background_image_as_pattern=&#8221;without_pattern&#8221;][vc_column][vc_column_text]<br \/>\n[\/vc_column_text][\/vc_column][\/vc_row][vc_row css_animation=&#8221;&#8221; row_type=&#8221;row&#8221; use_row_as_full_screen_section=&#8221;no&#8221; type=&#8221;full_width&#8221; angled_section=&#8221;no&#8221; text_align=&#8221;left&#8221; background_image_as_pattern=&#8221;without_pattern&#8221; z_index=&#8221;&#8221; el_class=&#8221;row_contact&#8221;][vc_column][vc_empty_space height=&#8221;100px&#8221;][vc_column_text]<\/p>\n<h2>CONTACT US<\/h2>\n<p>[\/vc_column_text][vc_empty_space height=&#8221;20px&#8221;][\/vc_column][vc_column width=&#8221;1\/2&#8243;]\n<div class=\"wpcf7 no-js\" id=\"wpcf7-f124-o1\" lang=\"en-US\" dir=\"ltr\" data-wpcf7-id=\"124\">\n<div class=\"screen-reader-response\"><p role=\"status\" aria-live=\"polite\" aria-atomic=\"true\"><\/p> <ul><\/ul><\/div>\n<form action=\"\/en\/wp-json\/wp\/v2\/pages\/80#wpcf7-f124-o1\" method=\"post\" class=\"wpcf7-form init default\" aria-label=\"Contact form\" novalidate=\"novalidate\" data-status=\"init\">\n<fieldset class=\"hidden-fields-container\"><input type=\"hidden\" name=\"_wpcf7\" value=\"124\" \/><input type=\"hidden\" name=\"_wpcf7_version\" value=\"6.1.5\" \/><input type=\"hidden\" name=\"_wpcf7_locale\" value=\"en_US\" \/><input type=\"hidden\" name=\"_wpcf7_unit_tag\" value=\"wpcf7-f124-o1\" \/><input type=\"hidden\" name=\"_wpcf7_container_post\" value=\"0\" \/><input type=\"hidden\" name=\"_wpcf7_posted_data_hash\" value=\"\" \/><input type=\"hidden\" name=\"_wpcf7_recaptcha_response\" value=\"\" \/>\n<\/fieldset>\n<p><label><br \/>\n<span class=\"wpcf7-form-control-wrap\" data-name=\"your-name\"><input size=\"40\" maxlength=\"400\" class=\"wpcf7-form-control wpcf7-text wpcf7-validates-as-required\" aria-required=\"true\" aria-invalid=\"false\" placeholder=\"First name\" value=\"\" type=\"text\" name=\"your-name\" \/><\/span> <\/label>\n<\/p>\n<p><label><br \/>\n<span class=\"wpcf7-form-control-wrap\" data-name=\"your-l-name\"><input size=\"40\" maxlength=\"400\" class=\"wpcf7-form-control wpcf7-text wpcf7-validates-as-required\" aria-required=\"true\" aria-invalid=\"false\" placeholder=\"Last name\" value=\"\" type=\"text\" name=\"your-l-name\" \/><\/span> <\/label>\n<\/p>\n<p><label><br \/>\n<span class=\"wpcf7-form-control-wrap\" data-name=\"your-email\"><input size=\"40\" maxlength=\"400\" class=\"wpcf7-form-control wpcf7-email wpcf7-validates-as-required wpcf7-text wpcf7-validates-as-email\" aria-required=\"true\" aria-invalid=\"false\" placeholder=\"Email\" value=\"\" type=\"email\" name=\"your-email\" \/><\/span> <\/label>\n<\/p>\n<p><label><br \/>\n<span class=\"wpcf7-form-control-wrap\" data-name=\"your-message\"><textarea cols=\"40\" rows=\"10\" maxlength=\"2000\" class=\"wpcf7-form-control wpcf7-textarea\" aria-invalid=\"false\" placeholder=\"Message\" name=\"your-message\"><\/textarea><\/span> <\/label>\n<\/p>\n<p><input class=\"wpcf7-form-control wpcf7-submit has-spinner\" type=\"submit\" value=\"Send\" \/>\n<\/p><input type=\"hidden\" id=\"ct_checkjs_cf7_38db3aed920cf82ab059bfccbd02be6a\" name=\"ct_checkjs_cf7\" value=\"0\" \/><script >setTimeout(function(){var ct_input_name = \"ct_checkjs_cf7_38db3aed920cf82ab059bfccbd02be6a\";if (document.getElementById(ct_input_name) !== null) {var ct_input_value = document.getElementById(ct_input_name).value;document.getElementById(ct_input_name).value = document.getElementById(ct_input_name).value.replace(ct_input_value, '245226a56476ea21997151327603a97628393ec3d3b8d4bbdf6543e180ffb5bf');}}, 1000);<\/script><input\n                    class=\"apbct_special_field apbct_email_id__wp_contact_form_7\"\n                    name=\"apbct__email_id__wp_contact_form_7\"\n                    aria-label=\"apbct__label_id__wp_contact_form_7\"\n                    type=\"text\" size=\"30\" maxlength=\"200\" autocomplete=\"off\"\n                    value=\"\"\n                \/><div class=\"wpcf7-response-output\" aria-hidden=\"true\"><\/div>\n<\/form>\n<\/div>\n[vc_empty_space height=&#8221;100px&#8221;][\/vc_column][vc_column width=&#8221;1\/2&#8243;][vc_single_image image=&#8221;196&#8243; img_size=&#8221;450&#215;600&#8243; alignment=&#8221;center&#8221; qode_css_animation=&#8221;&#8221;][vc_empty_space height=&#8221;100px&#8221;][\/vc_column][\/vc_row][vc_row css_animation=&#8221;&#8221; row_type=&#8221;row&#8221; use_row_as_full_screen_section=&#8221;no&#8221; type=&#8221;full_width&#8221; angled_section=&#8221;no&#8221; text_align=&#8221;left&#8221; background_image_as_pattern=&#8221;without_pattern&#8221;][vc_column][vc_column_text]<br \/>\n[\/vc_column_text][\/vc_column][\/vc_row][vc_row css_animation=&#8221;&#8221; row_type=&#8221;row&#8221; use_row_as_full_screen_section=&#8221;no&#8221; type=&#8221;full_width&#8221; angled_section=&#8221;no&#8221; text_align=&#8221;left&#8221; background_image_as_pattern=&#8221;without_pattern&#8221; background_image=&#8221;61&#8243; z_index=&#8221;&#8221; el_class=&#8221;map-home&#8221;][vc_column][vc_single_image image=&#8221;64&#8243; img_size=&#8221;full&#8221; alignment=&#8221;center&#8221; qode_css_animation=&#8221;&#8221;][vc_column_text]<\/p>\n<p style=\"text-align: center;\">683, St-Joseph Blvd.,<br \/>\nGatineau (Hull) J8Y 4B4<\/p>\n<div id=\"bottom_page\"><\/div>\n<p>[\/vc_column_text][vc_column_text]<a href=\"https:\/\/www.google.ca\/maps\/place\/683+Boulevard+Saint-Joseph,+Gatineau,+QC+J8Y+4B4\/@45.4539375,-75.742784,17z\/data=!3m1!4b1!4m5!3m4!1s0x4cce035ba8ea2955:0x7e2adf96fd9b1207!8m2!3d45.4539375!4d-75.7405953\" target=\"_blank\" rel=\"noopener\">Voir la map.<\/a>[\/vc_column_text][\/vc_column][\/vc_row]<\/p>\n<\/div>","protected":false},"excerpt":{"rendered":"<p>[vc_row css_animation=&#8221;&#8221; row_type=&#8221;row&#8221; use_row_as_full_screen_section=&#8221;no&#8221; type=&#8221;full_width&#8221; angled_section=&#8221;no&#8221; text_align=&#8221;center&#8221; background_image_as_pattern=&#8221;without_pattern&#8221; z_index=&#8221;&#8221; el_class=&#8221;satisfaction-row&#8221;][vc_column][vc_column_text] THE SATISFACTION OF OUR CLIENTS, OUR PRIORITY. [\/vc_column_text][vc_empty_space height=&#8221;60px&#8221;][vc_column_text el_class=&#8221;services-conseils-text&#8221;] GLA CPA Inc. is a chartered professional accountant firm that focuses on the execution of financial statements for fiscal purposes as well as Compilation Engagements&#8230;.<\/p>\n","protected":false},"author":1,"featured_media":0,"parent":0,"menu_order":0,"comment_status":"closed","ping_status":"open","template":"full_width.php","meta":{"_acf_changed":false,"footnotes":""},"class_list":["post-80","page","type-page","status-publish","hentry"],"acf":[],"yoast_head":"<!-- This site is optimized with the Yoast SEO plugin v27.2 - https:\/\/yoast.com\/product\/yoast-seo-wordpress\/ -->\n<title>Home - GLA CPA Inc.<\/title>\n<meta name=\"description\" content=\"Se d\u00e9marquer aupr\u00e8s de notre client\u00e8le par la qualit\u00e9 et l\u2019efficacit\u00e9 dans l\u2019ex\u00e9cution de nos mandats professionnels.\" \/>\n<meta name=\"robots\" content=\"index, follow, max-snippet:-1, max-image-preview:large, max-video-preview:-1\" \/>\n<link rel=\"canonical\" href=\"https:\/\/gla-cpa.com\/en\/\" \/>\n<meta property=\"og:locale\" content=\"en_US\" \/>\n<meta property=\"og:type\" content=\"article\" \/>\n<meta property=\"og:title\" content=\"Home - GLA CPA Inc.\" \/>\n<meta property=\"og:description\" content=\"Se d\u00e9marquer aupr\u00e8s de notre client\u00e8le par la qualit\u00e9 et l\u2019efficacit\u00e9 dans l\u2019ex\u00e9cution de nos mandats professionnels.\" \/>\n<meta property=\"og:url\" content=\"https:\/\/gla-cpa.com\/en\/\" \/>\n<meta property=\"og:site_name\" content=\"GLA CPA Inc.\" \/>\n<meta property=\"article:modified_time\" content=\"2023-06-08T12:24:30+00:00\" \/>\n<meta name=\"twitter:card\" content=\"summary_large_image\" \/>\n<meta name=\"twitter:label1\" content=\"Est. reading time\" \/>\n\t<meta name=\"twitter:data1\" content=\"2 minutes\" \/>\n<script type=\"application\/ld+json\" class=\"yoast-schema-graph\">{\"@context\":\"https:\/\/schema.org\",\"@graph\":[{\"@type\":\"WebPage\",\"@id\":\"https:\/\/gla-cpa.com\/en\/\",\"url\":\"https:\/\/gla-cpa.com\/en\/\",\"name\":\"Home - GLA CPA Inc.\",\"isPartOf\":{\"@id\":\"https:\/\/gla-cpa.com\/#website\"},\"datePublished\":\"2018-10-17T15:33:27+00:00\",\"dateModified\":\"2023-06-08T12:24:30+00:00\",\"description\":\"Se d\u00e9marquer aupr\u00e8s de notre client\u00e8le par la qualit\u00e9 et l\u2019efficacit\u00e9 dans l\u2019ex\u00e9cution de nos mandats professionnels.\",\"breadcrumb\":{\"@id\":\"https:\/\/gla-cpa.com\/en\/#breadcrumb\"},\"inLanguage\":\"en-US\",\"potentialAction\":[{\"@type\":\"ReadAction\",\"target\":[\"https:\/\/gla-cpa.com\/en\/\"]}]},{\"@type\":\"BreadcrumbList\",\"@id\":\"https:\/\/gla-cpa.com\/en\/#breadcrumb\",\"itemListElement\":[{\"@type\":\"ListItem\",\"position\":1,\"name\":\"Accueil\",\"item\":\"https:\/\/gla-cpa.com\/en\/\"},{\"@type\":\"ListItem\",\"position\":2,\"name\":\"Home\"}]},{\"@type\":\"WebSite\",\"@id\":\"https:\/\/gla-cpa.com\/#website\",\"url\":\"https:\/\/gla-cpa.com\/\",\"name\":\"GLA CPA Inc.\",\"description\":\"GLA CPA Inc.\",\"potentialAction\":[{\"@type\":\"SearchAction\",\"target\":{\"@type\":\"EntryPoint\",\"urlTemplate\":\"https:\/\/gla-cpa.com\/?s={search_term_string}\"},\"query-input\":{\"@type\":\"PropertyValueSpecification\",\"valueRequired\":true,\"valueName\":\"search_term_string\"}}],\"inLanguage\":\"en-US\"}]}<\/script>\n<!-- \/ Yoast SEO plugin. -->","yoast_head_json":{"title":"Home - GLA CPA Inc.","description":"Se d\u00e9marquer aupr\u00e8s de notre client\u00e8le par la qualit\u00e9 et l\u2019efficacit\u00e9 dans l\u2019ex\u00e9cution de nos mandats professionnels.","robots":{"index":"index","follow":"follow","max-snippet":"max-snippet:-1","max-image-preview":"max-image-preview:large","max-video-preview":"max-video-preview:-1"},"canonical":"https:\/\/gla-cpa.com\/en\/","og_locale":"en_US","og_type":"article","og_title":"Home - GLA CPA Inc.","og_description":"Se d\u00e9marquer aupr\u00e8s de notre client\u00e8le par la qualit\u00e9 et l\u2019efficacit\u00e9 dans l\u2019ex\u00e9cution de nos mandats professionnels.","og_url":"https:\/\/gla-cpa.com\/en\/","og_site_name":"GLA CPA Inc.","article_modified_time":"2023-06-08T12:24:30+00:00","twitter_card":"summary_large_image","twitter_misc":{"Est. reading time":"2 minutes"},"schema":{"@context":"https:\/\/schema.org","@graph":[{"@type":"WebPage","@id":"https:\/\/gla-cpa.com\/en\/","url":"https:\/\/gla-cpa.com\/en\/","name":"Home - GLA CPA Inc.","isPartOf":{"@id":"https:\/\/gla-cpa.com\/#website"},"datePublished":"2018-10-17T15:33:27+00:00","dateModified":"2023-06-08T12:24:30+00:00","description":"Se d\u00e9marquer aupr\u00e8s de notre client\u00e8le par la qualit\u00e9 et l\u2019efficacit\u00e9 dans l\u2019ex\u00e9cution de nos mandats professionnels.","breadcrumb":{"@id":"https:\/\/gla-cpa.com\/en\/#breadcrumb"},"inLanguage":"en-US","potentialAction":[{"@type":"ReadAction","target":["https:\/\/gla-cpa.com\/en\/"]}]},{"@type":"BreadcrumbList","@id":"https:\/\/gla-cpa.com\/en\/#breadcrumb","itemListElement":[{"@type":"ListItem","position":1,"name":"Accueil","item":"https:\/\/gla-cpa.com\/en\/"},{"@type":"ListItem","position":2,"name":"Home"}]},{"@type":"WebSite","@id":"https:\/\/gla-cpa.com\/#website","url":"https:\/\/gla-cpa.com\/","name":"GLA CPA Inc.","description":"GLA CPA Inc.","potentialAction":[{"@type":"SearchAction","target":{"@type":"EntryPoint","urlTemplate":"https:\/\/gla-cpa.com\/?s={search_term_string}"},"query-input":{"@type":"PropertyValueSpecification","valueRequired":true,"valueName":"search_term_string"}}],"inLanguage":"en-US"}]}},"_links":{"self":[{"href":"https:\/\/gla-cpa.com\/en\/wp-json\/wp\/v2\/pages\/80","targetHints":{"allow":["GET"]}}],"collection":[{"href":"https:\/\/gla-cpa.com\/en\/wp-json\/wp\/v2\/pages"}],"about":[{"href":"https:\/\/gla-cpa.com\/en\/wp-json\/wp\/v2\/types\/page"}],"author":[{"embeddable":true,"href":"https:\/\/gla-cpa.com\/en\/wp-json\/wp\/v2\/users\/1"}],"replies":[{"embeddable":true,"href":"https:\/\/gla-cpa.com\/en\/wp-json\/wp\/v2\/comments?post=80"}],"version-history":[{"count":29,"href":"https:\/\/gla-cpa.com\/en\/wp-json\/wp\/v2\/pages\/80\/revisions"}],"predecessor-version":[{"id":207,"href":"https:\/\/gla-cpa.com\/en\/wp-json\/wp\/v2\/pages\/80\/revisions\/207"}],"wp:attachment":[{"href":"https:\/\/gla-cpa.com\/en\/wp-json\/wp\/v2\/media?parent=80"}],"curies":[{"name":"wp","href":"https:\/\/api.w.org\/{rel}","templated":true}]}}